{"id":3,"date":"2022-08-04T07:45:37","date_gmt":"2022-08-04T07:45:37","guid":{"rendered":"https:\/\/digitaltaxgroup.com\/?page_id=3"},"modified":"2024-08-19T19:06:19","modified_gmt":"2024-08-19T19:06:19","slug":"politica-de-privacidad","status":"publish","type":"page","link":"https:\/\/digitaltaxgroup.com\/es\/privacy-policy\/","title":{"rendered":"Privacy Policy"},"content":{"rendered":"<div data-elementor-type=\"wp-page\" data-elementor-id=\"3\" class=\"elementor elementor-3\" data-elementor-post-type=\"page\">\n\t\t\t\t\t\t<section class=\"elementor-section elementor-top-section elementor-element elementor-element-2f721ed9 elementor-section-boxed elementor-section-height-default elementor-section-height-default\" data-id=\"2f721ed9\" data-element_type=\"section\" data-settings=\"{&quot;background_background&quot;:&quot;classic&quot;}\">\n\t\t\t\t\t\t<div class=\"elementor-container elementor-column-gap-default\">\n\t\t\t\t\t<div class=\"elementor-column elementor-col-100 elementor-top-column elementor-element elementor-element-f4ab405\" data-id=\"f4ab405\" data-element_type=\"column\" data-settings=\"{&quot;background_background&quot;:&quot;classic&quot;}\">\n\t\t\t<div class=\"elementor-widget-wrap elementor-element-populated\">\n\t\t\t\t\t\t<div class=\"elementor-element elementor-element-3bf065e8 elementor-widget elementor-widget-text-editor\" data-id=\"3bf065e8\" data-element_type=\"widget\" data-widget_type=\"text-editor.default\">\n\t\t\t\t<div class=\"elementor-widget-container\">\n\t\t\t\t\t\t\t\t\t<h1><strong>Pol\u00edtica de privacidad de Digital Tax Group, PLLC<\/strong><\/h1>\n<p>Su privacidad es importante para nosotros y mantener su confianza es uno de nuestros objetivos.<br>Prioridades m\u00e1s altas. Respetamos su derecho a mantener la confidencialidad de su informaci\u00f3n personal.<br>y comprendemos su deseo de evitar solicitudes no deseadas. Esperamos que al tomar una<br>En pocos minutos de lectura, comprender\u00e1s mejor lo que hacemos con el<br>informaci\u00f3n que usted nos proporciona y c\u00f3mo la mantenemos privada y segura.<\/p>\n<p><strong>A. Tipos de informaci\u00f3n que recopilamos<\/strong><\/p>\n<p>Recopilamos cierta informaci\u00f3n personal sobre usted, pero solo cuando esa informaci\u00f3n es<br>proporcionada por usted o que obtengamos con su autorizaci\u00f3n. Usamos esa informaci\u00f3n para<br>Preparar varios tipos de declaraciones de impuestos y tambi\u00e9n puede proporcionar diversos servicios tributarios y financieros.<br>Servicios de planificaci\u00f3n a su solicitud.<\/p>\n<p>Algunos ejemplos de fuentes de las cuales recopilamos informaci\u00f3n incluyen:<\/p>\n<ul>\n<li>Entrevistas y llamadas telef\u00f3nicas contigo.<\/li>\n<li>cartas o correos electr\u00f3nicos suyos.<\/li>\n<li>Organizadores de declaraciones de impuestos o planificaci\u00f3n financiera.<\/li>\n<li>cuestionarios.<\/li>\n<\/ul>\n<p><strong>B. Uso de la informaci\u00f3n<\/strong><\/p>\n<p>Su informaci\u00f3n podr\u00e1 ser utilizada de las siguientes maneras:<\/p>\n<ul>\n<li>Para brindarle nuestros servicios, incluida la preparaci\u00f3n de diversas declaraciones de impuestos, informes financieros<br>Declaraciones y otros formularios para diversos asuntos gubernamentales y comerciales.<\/li>\n<li>Para mejorar y optimizar nuestros servicios, por ejemplo, mediante la realizaci\u00f3n de an\u00e1lisis internos.<br>Investigaci\u00f3n, an\u00e1lisis de tendencias de usuarios y medici\u00f3n de datos demogr\u00e1ficos e intereses.<\/li>\n<li>Para procesar sus pagos.<\/li>\n<li>Para procesar los pagos a su nombre (incluidos, entre otros, reembolsos o<br>reembolsos).<\/li>\n<li>Fines internos, como administraci\u00f3n de sitios web y sistemas o auditor\u00edas internas<br>y rese\u00f1as.<\/li>\n<li>Para comunicarnos con usted respecto a servicios que puedan ser de su inter\u00e9s.<\/li>\n<li>Para responder a sus solicitudes y consultas.<\/li>\n<li>Para mostrarle anuncios relevantes cuando visite nuestros sitios web u otros<br>sitios web de terceros (incluidas plataformas de redes sociales).<\/li>\n<li>Para solicitar su participaci\u00f3n en encuestas, grupos focales u otras iniciativas que<br>Ay\u00fadenos a recopilar informaci\u00f3n que utilizamos para desarrollar y mejorar nuestros servicios.<\/li>\n<li>Para cumplir con las leyes aplicables (por ejemplo, para cumplir con una orden de allanamiento,<br>citaci\u00f3n u orden judicial) o para llevar a cabo una conducta\/\u00e9tica profesional<br>investigaciones.<\/li>\n<\/ul>\n<p><strong>C. Partes a quienes divulgamos informaci\u00f3n<\/strong><\/p>\n<p>Como regla general, no divulgamos informaci\u00f3n personal sobre nuestros clientes o ex<br>clientes a cualquier persona. Sin embargo, en la medida permitida por la ley y cualquier estado aplicable<br>C\u00f3digo de Conducta Profesional, cierta informaci\u00f3n no p\u00fablica sobre usted puede ser<br>divulgada en las siguientes situaciones:<\/p>\n<ul>\n<li>Para cumplir con una citaci\u00f3n o requerimiento v\u00e1lidamente emitido y ejecutable. \u2022 En el<br>el curso de una revisi\u00f3n de las pr\u00e1cticas de nuestra firma bajo la autorizaci\u00f3n de un estado o<br>Junta Nacional de Licencias, o seg\u00fan sea necesario para responder adecuadamente a una consulta o<br>queja de dicha junta de licencias de la organizaci\u00f3n.<\/li>\n<li>En relaci\u00f3n con una posible compra, venta o fusi\u00f3n de la totalidad o parte de nuestras<br>pr\u00e1ctica, siempre que tomemos las precauciones adecuadas (por ejemplo, a trav\u00e9s de una<br>acuerdo de confidencialidad por escrito) para que el posible comprador o socio de fusi\u00f3n<br>no revela informaci\u00f3n obtenida en el curso de la revisi\u00f3n.<\/li>\n<li>Como parte de cualquier procedimiento legal real o amenazado o disputa alternativa<br>procedimientos de resoluci\u00f3n iniciados por nosotros o contra nosotros, siempre que divulguemos \u00fanicamente<br>la informaci\u00f3n necesaria para presentar, proseguir o defenderse de la demanda y tomar<br>precauciones razonables para garantizar que la informaci\u00f3n divulgada no<br>convertirse en un asunto de registro p\u00fablico.<\/li>\n<li>Proporcionar informaci\u00f3n a las filiales de la firma y a terceros no afiliados que<br>realizar servicios o funciones para nosotros en conjunto con nuestros servicios para usted, pero<br>S\u00f3lo si tenemos un acuerdo contractual con la otra parte que lo proh\u00edbe.<br>de divulgar o utilizar la informaci\u00f3n para fines distintos a los que fueron creadas<br>fue divulgada. (Ejemplos de tales divulgaciones incluyen el uso de un servicio externo<br>oficina para procesar las declaraciones de impuestos o contratar una agencia de retenci\u00f3n de registros para almacenar<br>registros del a\u00f1o anterior.)<\/li>\n<\/ul>\n<p>&nbsp;<\/p>\n<p><strong>D. Confidencialidad y seguridad de la informaci\u00f3n personal no p\u00fablica<\/strong><\/p>\n<p>Salvo que se describa lo contrario en este aviso, restringimos el acceso a informaci\u00f3n personal no p\u00fablica.<br>informaci\u00f3n sobre usted a los empleados de nuestra empresa y otras partes que deben usar esa<br>informaci\u00f3n para brindarle servicios. Su derecho a divulgar y utilizar la informaci\u00f3n<br>La informaci\u00f3n est\u00e1 limitada por las pol\u00edticas de nuestra empresa, la ley aplicable, nuestro C\u00f3digo de Conducta Profesional.<br>Acuerdos de conducta y confidencialidad cuando corresponda. Tambi\u00e9n mantenemos registros f\u00edsicos,<br>salvaguardas electr\u00f3nicas y procesales de conformidad con las leyes aplicables y<br>regulaciones para proteger su informaci\u00f3n personal del acceso no autorizado, alteraci\u00f3n o<br>destrucci\u00f3n prematura.<\/p>\n<p><strong>E. Preferencias de comunicaci\u00f3n<\/strong><\/p>\n<p>Nos esforzamos por brindarle informaci\u00f3n relevante y \u00fatil relacionada con nuestros productos y<br>servicios. Sin embargo, cualquier correo electr\u00f3nico promocional que enviemos incluir\u00e1 un enlace en la parte inferior.<br>del correo electr\u00f3nico para cancelar la suscripci\u00f3n. Tambi\u00e9n puede contactarnos utilizando la informaci\u00f3n que aparece<br>al final de esta pol\u00edtica para realizar cambios en sus preferencias de comunicaci\u00f3n.<\/p>\n<p><strong>F. Seguridad<\/strong><\/p>\n<p>Mantenemos salvaguardas administrativas, t\u00e9cnicas y f\u00edsicas dise\u00f1adas para proteger<br>informaci\u00f3n personal contra la destrucci\u00f3n, p\u00e9rdida, destrucci\u00f3n accidental, ilegal o no autorizada,<br>alteraci\u00f3n, acceso, divulgaci\u00f3n o uso. Porque ning\u00fan m\u00e9todo de transmisi\u00f3n a trav\u00e9s de la<br>Internet, ni ning\u00fan m\u00e9todo de almacenamiento electr\u00f3nico es 100% seguro, no podemos garantizar la<br>seguridad absoluta de la informaci\u00f3n que usted nos proporciona.<\/p>\n<p><strong>G. Derecho a acceder y corregir su informaci\u00f3n personal<\/strong><\/p>\n<p>Si lo solicita, le proporcionaremos informaci\u00f3n sobre si conservamos alguno de sus datos.<br>informaci\u00f3n personal. Le proporcionaremos acceso razonable a su informaci\u00f3n personal.<br>informaci\u00f3n de conformidad con las leyes pertinentes, incluso haciendo esfuerzos razonables para<br>Proporcionar acceso para actualizar su informaci\u00f3n. Para proteger su privacidad y seguridad,<br>Tome medidas para verificar su identidad antes de otorgar acceso o realizar cambios en su<br>Informaci\u00f3n personal. Puede enviar un correo electr\u00f3nico a nuestro servicio de atenci\u00f3n al cliente.<br>en <a href=\"mailto:info@digitaltaxgroup.com\">info@digitaltaxgroup.com<\/a>, o env\u00ede una solicitud por escrito a la direcci\u00f3n que figura a continuaci\u00f3n.<br>responder a su solicitud dentro de un plazo razonable.<\/p>\n<p>Gracias por permitirnos atender sus necesidades contables, fiscales y financieras. Valoramos<br>Su negocio y nos comprometemos a proteger su privacidad. Esperamos que vea nuestra firma<br>Como su asesor de mayor confianza, trabajaremos para seguir gan\u00e1ndonos su confianza. Ll\u00e1menos.<br>Cont\u00e1ctenos si tiene alguna pregunta o si podemos brindarle alg\u00fan servicio adicional.<\/p>\t\t\t\t\t\t\t\t<\/div>\n\t\t\t\t<\/div>\n\t\t\t\t<div class=\"elementor-element elementor-element-963ab79 elementor-widget elementor-widget-button\" data-id=\"963ab79\" data-element_type=\"widget\" data-widget_type=\"button.default\">\n\t\t\t\t<div class=\"elementor-widget-container\">\n\t\t\t\t\t\t\t\t\t<div class=\"elementor-button-wrapper\">\n\t\t\t\t\t<a class=\"elementor-button elementor-button-link elementor-size-sm\" href=\"https:\/\/digitaltaxgroup.com\/wp-content\/uploads\/2024\/01\/2024-Privacy-Policy-Digital-Tax-Group.pdf\">\n\t\t\t\t\t\t<span class=\"elementor-button-content-wrapper\">\n\t\t\t\t\t\t\t\t\t<span class=\"elementor-button-text\">Descargar Pol\u00edtica de Privacidad PDF<\/span>\n\t\t\t\t\t<\/span>\n\t\t\t\t\t<\/a>\n\t\t\t\t<\/div>\n\t\t\t\t\t\t\t\t<\/div>\n\t\t\t\t<\/div>\n\t\t\t\t\t<\/div>\n\t\t<\/div>\n\t\t\t\t\t<\/div>\n\t\t<\/section>\n\t\t\t\t<\/div>","protected":false},"excerpt":{"rendered":"<p>Privacy Policy of Digital Tax Group, PLLC Your privacy is important to us, and maintaining your trust and confidence is one of ourhighest priorities. We respect your right to keep your personal information confidentialand understand your desire to avoid unwanted solicitations. We hope that by taking afew minutes to read it, you will have a [&hellip;]<\/p>\n","protected":false},"author":1,"featured_media":0,"parent":0,"menu_order":0,"comment_status":"closed","ping_status":"closed","template":"","meta":{"site-sidebar-layout":"default","site-content-layout":"","ast-site-content-layout":"default","site-content-style":"default","site-sidebar-style":"default","ast-global-header-display":"","ast-banner-title-visibility":"","ast-main-header-display":"","ast-hfb-above-header-display":"","ast-hfb-below-header-display":"","ast-hfb-mobile-header-display":"","site-post-title":"disabled","ast-breadcrumbs-content":"","ast-featured-img":"","footer-sml-layout":"","ast-disable-related-posts":"","theme-transparent-header-meta":"default","adv-header-id-meta":"","stick-header-meta":"","header-above-stick-meta":"","header-main-stick-meta":"","header-below-stick-meta":"","astra-migrate-meta-layouts":"set","ast-page-background-enabled":"default","ast-page-background-meta":{"desktop":{"background-color":"var(--ast-global-color-4)","background-image":"","background-repeat":"repeat","background-position":"center center","background-size":"auto","background-attachment":"scroll","background-type":"","background-media":"","overlay-type":"","overlay-color":"","overlay-opacity":"","overlay-gradient":""},"tablet":{"background-color":"","background-image":"","background-repeat":"repeat","background-position":"center center","background-size":"auto","background-attachment":"scroll","background-type":"","background-media":"","overlay-type":"","overlay-color":"","overlay-opacity":"","overlay-gradient":""},"mobile":{"background-color":"","background-image":"","background-repeat":"repeat","background-position":"center center","background-size":"auto","background-attachment":"scroll","background-type":"","background-media":"","overlay-type":"","overlay-color":"","overlay-opacity":"","overlay-gradient":""}},"ast-content-background-meta":{"desktop":{"background-color":"var(--ast-global-color-5)","background-image":"","background-repeat":"repeat","background-position":"center center","background-size":"auto","background-attachment":"scroll","background-type":"","background-media":"","overlay-type":"","overlay-color":"","overlay-opacity":"","overlay-gradient":""},"tablet":{"background-color":"var(--ast-global-color-5)","background-image":"","background-repeat":"repeat","background-position":"center center","background-size":"auto","background-attachment":"scroll","background-type":"","background-media":"","overlay-type":"","overlay-color":"","overlay-opacity":"","overlay-gradient":""},"mobile":{"background-color":"var(--ast-global-color-5)","background-image":"","background-repeat":"repeat","background-position":"center center","background-size":"auto","background-attachment":"scroll","background-type":"","background-media":"","overlay-type":"","overlay-color":"","overlay-opacity":"","overlay-gradient":""}},"footnotes":""},"class_list":["post-3","page","type-page","status-publish","hentry"],"acf":[],"_links":{"self":[{"href":"https:\/\/digitaltaxgroup.com\/es\/wp-json\/wp\/v2\/pages\/3","targetHints":{"allow":["GET"]}}],"collection":[{"href":"https:\/\/digitaltaxgroup.com\/es\/wp-json\/wp\/v2\/pages"}],"about":[{"href":"https:\/\/digitaltaxgroup.com\/es\/wp-json\/wp\/v2\/types\/page"}],"author":[{"embeddable":true,"href":"https:\/\/digitaltaxgroup.com\/es\/wp-json\/wp\/v2\/users\/1"}],"replies":[{"embeddable":true,"href":"https:\/\/digitaltaxgroup.com\/es\/wp-json\/wp\/v2\/comments?post=3"}],"version-history":[{"count":15,"href":"https:\/\/digitaltaxgroup.com\/es\/wp-json\/wp\/v2\/pages\/3\/revisions"}],"predecessor-version":[{"id":1855,"href":"https:\/\/digitaltaxgroup.com\/es\/wp-json\/wp\/v2\/pages\/3\/revisions\/1855"}],"wp:attachment":[{"href":"https:\/\/digitaltaxgroup.com\/es\/wp-json\/wp\/v2\/media?parent=3"}],"curies":[{"name":"wp","href":"https:\/\/api.w.org\/{rel}","templated":true}]}}