{"id":739,"date":"2024-01-11T21:37:16","date_gmt":"2024-01-11T21:37:16","guid":{"rendered":"https:\/\/digitaltaxgroup.com\/?page_id=739"},"modified":"2024-09-27T13:48:11","modified_gmt":"2024-09-27T13:48:11","slug":"ian-borbolla","status":"publish","type":"page","link":"https:\/\/digitaltaxgroup.com\/es\/ian-borbolla\/","title":{"rendered":"ian borbolla"},"content":{"rendered":"<div data-elementor-type=\"wp-page\" data-elementor-id=\"739\" class=\"elementor elementor-739\" data-elementor-post-type=\"page\">\n\t\t\t\t\t\t<section class=\"elementor-section elementor-top-section elementor-element elementor-element-70d33b6 elementor-section-boxed elementor-section-height-default elementor-section-height-default\" data-id=\"70d33b6\" data-element_type=\"section\" data-settings=\"{&quot;background_background&quot;:&quot;classic&quot;}\">\n\t\t\t\t\t\t<div class=\"elementor-container elementor-column-gap-default\">\n\t\t\t\t\t<div class=\"elementor-column elementor-col-100 elementor-top-column elementor-element elementor-element-14fa7bd about-col\" data-id=\"14fa7bd\" data-element_type=\"column\" data-settings=\"{&quot;background_background&quot;:&quot;classic&quot;}\">\n\t\t\t<div class=\"elementor-widget-wrap elementor-element-populated\">\n\t\t\t\t\t<div class=\"elementor-background-overlay\"><\/div>\n\t\t\t\t\t\t<section class=\"elementor-section elementor-inner-section elementor-element elementor-element-201b100 elementor-section-boxed elementor-section-height-default elementor-section-height-default\" data-id=\"201b100\" data-element_type=\"section\" data-settings=\"{&quot;background_background&quot;:&quot;classic&quot;}\">\n\t\t\t\t\t\t<div class=\"elementor-container elementor-column-gap-wider\">\n\t\t\t\t\t<div class=\"elementor-column elementor-col-50 elementor-inner-column elementor-element elementor-element-b1e78bd\" data-id=\"b1e78bd\" data-element_type=\"column\">\n\t\t\t<div class=\"elementor-widget-wrap elementor-element-populated\">\n\t\t\t\t\t\t<div class=\"elementor-element elementor-element-2451f64 elementor-widget elementor-widget-image\" data-id=\"2451f64\" data-element_type=\"widget\" data-widget_type=\"image.default\">\n\t\t\t\t<div class=\"elementor-widget-container\">\n\t\t\t\t\t\t\t\t\t\t\t\t\t\t\t<img fetchpriority=\"high\" decoding=\"async\" width=\"1024\" height=\"831\" src=\"https:\/\/digitaltaxgroup.com\/wp-content\/uploads\/2024\/01\/Ian-Borbolla-Img-1024x831.webp\" class=\"attachment-large size-large wp-image-898\" alt=\"Ian Borbolla, CPA Accountant\" srcset=\"https:\/\/digitaltaxgroup.com\/wp-content\/uploads\/2024\/01\/Ian-Borbolla-Img-1024x831.webp 1024w, https:\/\/digitaltaxgroup.com\/wp-content\/uploads\/2024\/01\/Ian-Borbolla-Img-300x243.webp 300w, https:\/\/digitaltaxgroup.com\/wp-content\/uploads\/2024\/01\/Ian-Borbolla-Img-768x623.webp 768w, https:\/\/digitaltaxgroup.com\/wp-content\/uploads\/2024\/01\/Ian-Borbolla-Img-1536x1246.webp 1536w, https:\/\/digitaltaxgroup.com\/wp-content\/uploads\/2024\/01\/Ian-Borbolla-Img-2048x1662.webp 2048w\" sizes=\"(max-width: 1024px) 100vw, 1024px\" \/>\t\t\t\t\t\t\t\t\t\t\t\t\t\t\t<\/div>\n\t\t\t\t<\/div>\n\t\t\t\t<div class=\"elementor-element elementor-element-b5b5f4a elementor-widget__width-initial elementor-widget elementor-widget-heading\" data-id=\"b5b5f4a\" data-element_type=\"widget\" data-widget_type=\"heading.default\">\n\t\t\t\t<div class=\"elementor-widget-container\">\n\t\t\t\t\t<h1 class=\"elementor-heading-title elementor-size-default\">Ian Borbolla, CPA<\/h1>\t\t\t\t<\/div>\n\t\t\t\t<\/div>\n\t\t\t\t<div class=\"elementor-element elementor-element-1353e5b elementor-widget elementor-widget-heading\" data-id=\"1353e5b\" data-element_type=\"widget\" data-widget_type=\"heading.default\">\n\t\t\t\t<div class=\"elementor-widget-container\">\n\t\t\t\t\t<h2 class=\"elementor-heading-title elementor-size-default\">Fundador y Director<\/h2>\t\t\t\t<\/div>\n\t\t\t\t<\/div>\n\t\t\t\t\t<\/div>\n\t\t<\/div>\n\t\t\t\t<div class=\"elementor-column elementor-col-50 elementor-inner-column elementor-element elementor-element-fa5a9d7\" data-id=\"fa5a9d7\" data-element_type=\"column\">\n\t\t\t<div class=\"elementor-widget-wrap elementor-element-populated\">\n\t\t\t\t\t\t<div class=\"elementor-element elementor-element-bd5352f elementor-widget elementor-widget-text-editor\" data-id=\"bd5352f\" data-element_type=\"widget\" data-widget_type=\"text-editor.default\">\n\t\t\t\t<div class=\"elementor-widget-container\">\n\t\t\t\t\t\t\t\t\t<section data-id=\"201b100\" data-element_type=\"section\" data-settings=\"{&quot;background_background&quot;:&quot;classic&quot;}\"><div><div data-id=\"fa5a9d7\" data-element_type=\"column\"><div><div data-id=\"b5b5f4a\" data-element_type=\"widget\" data-widget_type=\"heading.default\"><div>\u00a0<\/div><\/div><\/div><\/div><\/div><\/section><div data-id=\"a1dfb71\" data-element_type=\"widget\" data-widget_type=\"text-editor.default\"><div><p>Ian Borbolla, distinguido Contador P\u00fablico Certificado, es el fundador y motor de Digital Tax Group, PLLC. Su profundo conocimiento de las finanzas, los impuestos y la contabilidad ha sido la piedra angular de su carrera.<\/p><p>Ian comenz\u00f3 su carrera en el sector hipotecario, consolid\u00e1ndose r\u00e1pidamente como un experto agente de pr\u00e9stamos y corredor hipotecario. Su conocimiento de las hipotecas residenciales y comerciales sent\u00f3 las bases para sus logros posteriores.<\/p><p>En respuesta a la crisis financiera de 2008, Ian pas\u00f3 a desempe\u00f1ar un papel fundamental en una importante firma de abogados, gestionando\u00a0<span style=\"color: var( --e-global-color-text ); background-color: var( --e-global-color-astglobalcolor4 );\">M\u00e1s de 25 empleados en su<\/span><span style=\"font-style: inherit; font-weight: inherit; color: var( --e-global-color-text ); background-color: var( --e-global-color-astglobalcolor4 );\">\u00a0Departamento de Mitigaci\u00f3n de P\u00e9rdidas. Su liderazgo fue fundamental para evitar la ejecuci\u00f3n hipotecaria de m\u00e1s de 600 viviendas, demostrando su capacidad para tomar decisiones acertadas y su comprensi\u00f3n de un panorama en constante evoluci\u00f3n.<\/span><\/p><p>La trayectoria de Ian lo llev\u00f3 a la Auditor\u00eda General del Estado de Florida, donde se desempe\u00f1\u00f3 como Auditor Estatal. All\u00ed, realiz\u00f3 importantes auditor\u00edas financieras, incluyendo las del Distrito Escolar del Condado de Miami-Dade y el Condado de Monroe, la Universidad Internacional de Florida, el Miami Dade College y el Florida Keys Community College, demostrando su compromiso con el servicio p\u00fablico y la integridad financiera.<\/p><p>Tras obtener su licencia de Contador P\u00fablico Certificado (CPA), Ian profundiz\u00f3 su trayectoria profesional colaborando con dos firmas de contabilidad consolidadas en Coral Gables en diversos proyectos de impuestos, contabilidad y auditor\u00eda. Ian adquiri\u00f3 experiencia en impuestos corporativos, societarios e internacionales, y ascendi\u00f3 r\u00e1pidamente a puestos directivos en estas firmas.<\/p><p>Con su amplia experiencia, Ian fund\u00f3 Digital Tax Group, PLLC en 2021. Esta firma se especializa en una amplia gama de servicios, incluyendo contabilidad, impuestos sobre la renta, impuestos sobre n\u00f3minas, impuestos sobre ventas e impuestos tangibles, con especial atenci\u00f3n a los sectores m\u00e9dico, legal, inmobiliario y de comercio electr\u00f3nico. La firma es reconocida por atender a una clientela diversa, que incluye profesionales, propietarios de peque\u00f1as empresas y personas con un alto patrimonio, tanto a nivel nacional como internacional.<\/p><\/div><\/div>\t\t\t\t\t\t\t\t<\/div>\n\t\t\t\t<\/div>\n\t\t\t\t<div class=\"elementor-element elementor-element-4704d9f elementor-widget elementor-widget-heading\" data-id=\"4704d9f\" data-element_type=\"widget\" data-widget_type=\"heading.default\">\n\t\t\t\t<div class=\"elementor-widget-container\">\n\t\t\t\t\t<h3 class=\"elementor-heading-title elementor-size-default\">Certificaciones e idiomas<\/h3>\t\t\t\t<\/div>\n\t\t\t\t<\/div>\n\t\t\t\t<div class=\"elementor-element elementor-element-a1dfb71 elementor-widget__width-initial elementor-widget elementor-widget-text-editor\" data-id=\"a1dfb71\" data-element_type=\"widget\" data-widget_type=\"text-editor.default\">\n\t\t\t\t<div class=\"elementor-widget-container\">\n\t\t\t\t\t\t\t\t\t<ul><li>Contador P\u00fablico Certificado<\/li><li>Asesor profesional de QuickBooks<\/li><li>Fluido en ingl\u00e9s y espa\u00f1ol<\/li><\/ul>\t\t\t\t\t\t\t\t<\/div>\n\t\t\t\t<\/div>\n\t\t\t\t<div class=\"elementor-element elementor-element-4a16d27 elementor-widget elementor-widget-heading\" data-id=\"4a16d27\" data-element_type=\"widget\" data-widget_type=\"heading.default\">\n\t\t\t\t<div class=\"elementor-widget-container\">\n\t\t\t\t\t<h3 class=\"elementor-heading-title elementor-size-default\">Educaci\u00f3n<\/h3>\t\t\t\t<\/div>\n\t\t\t\t<\/div>\n\t\t\t\t<div class=\"elementor-element elementor-element-e5e3841 elementor-widget__width-initial elementor-widget elementor-widget-text-editor\" data-id=\"e5e3841\" data-element_type=\"widget\" data-widget_type=\"text-editor.default\">\n\t\t\t\t<div class=\"elementor-widget-container\">\n\t\t\t\t\t\t\t\t\t<ul><li>Universidad Internacional de Florida\u00a0<ul><li>Licenciatura en Administraci\u00f3n de Empresas, Finanzas<\/li><\/ul><\/li><li>Universidad Nova Southeastern<ul><li>Maestr\u00eda en Contabilidad<\/li><\/ul><\/li><\/ul>\t\t\t\t\t\t\t\t<\/div>\n\t\t\t\t<\/div>\n\t\t\t\t<div class=\"elementor-element elementor-element-74ad2d6 elementor-widget elementor-widget-heading\" data-id=\"74ad2d6\" data-element_type=\"widget\" data-widget_type=\"heading.default\">\n\t\t\t\t<div class=\"elementor-widget-container\">\n\t\t\t\t\t<h3 class=\"elementor-heading-title elementor-size-default\">Filosof\u00eda<\/h3>\t\t\t\t<\/div>\n\t\t\t\t<\/div>\n\t\t\t\t<div class=\"elementor-element elementor-element-018d9c5 elementor-widget__width-initial elementor-widget elementor-widget-text-editor\" data-id=\"018d9c5\" data-element_type=\"widget\" data-widget_type=\"text-editor.default\">\n\t\t\t\t<div class=\"elementor-widget-container\">\n\t\t\t\t\t\t\t\t\t<p>El enfoque de Ian Borbolla en su profesi\u00f3n se basa en la filosof\u00eda de brindar orientaci\u00f3n y apoyo estrat\u00e9gico personalizado en todo lo que hace. Se dedica a forjar relaciones duraderas con sus clientes, gui\u00e1ndolos hacia el logro de sus objetivos con integridad y al m\u00e1ximo de sus capacidades.<\/p>\t\t\t\t\t\t\t\t<\/div>\n\t\t\t\t<\/div>\n\t\t\t\t\t<\/div>\n\t\t<\/div>\n\t\t\t\t\t<\/div>\n\t\t<\/section>\n\t\t\t\t\t<\/div>\n\t\t<\/div>\n\t\t\t\t\t<\/div>\n\t\t<\/section>\n\t\t\t\t<\/div>","protected":false},"excerpt":{"rendered":"<p>Ian Borbolla, CPA Founder and Principal \u00a0 Ian Borbolla, a distinguished Certified Public Accountant, is the founder and driving force behind Digital Tax Group, PLLC. Ian\u2019s profound understanding of finance, tax, and accounting has been the cornerstone of his career. Ian began his career in the mortgage industry, quickly establishing himself as a proficient loan [&hellip;]<\/p>\n","protected":false},"author":3,"featured_media":0,"parent":0,"menu_order":0,"comment_status":"closed","ping_status":"closed","template":"","meta":{"site-sidebar-layout":"no-sidebar","site-content-layout":"page-builder","ast-site-content-layout":"full-width-container","site-content-style":"default","site-sidebar-style":"default","ast-global-header-display":"","ast-banner-title-visibility":"","ast-main-header-display":"","ast-hfb-above-header-display":"","ast-hfb-below-header-display":"","ast-hfb-mobile-header-display":"","site-post-title":"disabled","ast-breadcrumbs-content":"","ast-featured-img":"disabled","footer-sml-layout":"","ast-disable-related-posts":"","theme-transparent-header-meta":"","adv-header-id-meta":"","stick-header-meta":"","header-above-stick-meta":"","header-main-stick-meta":"","header-below-stick-meta":"","astra-migrate-meta-layouts":"default","ast-page-background-enabled":"default","ast-page-background-meta":{"desktop":{"background-color":"var(--ast-global-color-4)","background-image":"","background-repeat":"repeat","background-position":"center center","background-size":"auto","background-attachment":"scroll","background-type":"","background-media":"","overlay-type":"","overlay-color":"","overlay-opacity":"","overlay-gradient":""},"tablet":{"background-color":"","background-image":"","background-repeat":"repeat","background-position":"center center","background-size":"auto","background-attachment":"scroll","background-type":"","background-media":"","overlay-type":"","overlay-color":"","overlay-opacity":"","overlay-gradient":""},"mobile":{"background-color":"","background-image":"","background-repeat":"repeat","background-position":"center center","background-size":"auto","background-attachment":"scroll","background-type":"","background-media":"","overlay-type":"","overlay-color":"","overlay-opacity":"","overlay-gradient":""}},"ast-content-background-meta":{"desktop":{"background-color":"var(--ast-global-color-5)","background-image":"","background-repeat":"repeat","background-position":"center center","background-size":"auto","background-attachment":"scroll","background-type":"","background-media":"","overlay-type":"","overlay-color":"","overlay-opacity":"","overlay-gradient":""},"tablet":{"background-color":"var(--ast-global-color-5)","background-image":"","background-repeat":"repeat","background-position":"center center","background-size":"auto","background-attachment":"scroll","background-type":"","background-media":"","overlay-type":"","overlay-color":"","overlay-opacity":"","overlay-gradient":""},"mobile":{"background-color":"var(--ast-global-color-5)","background-image":"","background-repeat":"repeat","background-position":"center center","background-size":"auto","background-attachment":"scroll","background-type":"","background-media":"","overlay-type":"","overlay-color":"","overlay-opacity":"","overlay-gradient":""}},"footnotes":""},"class_list":["post-739","page","type-page","status-publish","hentry"],"acf":[],"_links":{"self":[{"href":"https:\/\/digitaltaxgroup.com\/es\/wp-json\/wp\/v2\/pages\/739","targetHints":{"allow":["GET"]}}],"collection":[{"href":"https:\/\/digitaltaxgroup.com\/es\/wp-json\/wp\/v2\/pages"}],"about":[{"href":"https:\/\/digitaltaxgroup.com\/es\/wp-json\/wp\/v2\/types\/page"}],"author":[{"embeddable":true,"href":"https:\/\/digitaltaxgroup.com\/es\/wp-json\/wp\/v2\/users\/3"}],"replies":[{"embeddable":true,"href":"https:\/\/digitaltaxgroup.com\/es\/wp-json\/wp\/v2\/comments?post=739"}],"version-history":[{"count":117,"href":"https:\/\/digitaltaxgroup.com\/es\/wp-json\/wp\/v2\/pages\/739\/revisions"}],"predecessor-version":[{"id":2272,"href":"https:\/\/digitaltaxgroup.com\/es\/wp-json\/wp\/v2\/pages\/739\/revisions\/2272"}],"wp:attachment":[{"href":"https:\/\/digitaltaxgroup.com\/es\/wp-json\/wp\/v2\/media?parent=739"}],"curies":[{"name":"wp","href":"https:\/\/api.w.org\/{rel}","templated":true}]}}