{"id":790,"date":"2024-01-11T22:38:42","date_gmt":"2024-01-11T22:38:42","guid":{"rendered":"https:\/\/digitaltaxgroup.com\/?page_id=790"},"modified":"2024-07-31T04:59:45","modified_gmt":"2024-07-31T04:59:45","slug":"francisco-villegas","status":"publish","type":"page","link":"https:\/\/digitaltaxgroup.com\/es\/francisco-villegas\/","title":{"rendered":"francisco villega"},"content":{"rendered":"<div data-elementor-type=\"wp-page\" data-elementor-id=\"790\" class=\"elementor elementor-790\" data-elementor-post-type=\"page\">\n\t\t\t\t\t\t<section class=\"elementor-section elementor-top-section elementor-element elementor-element-ed0a535 elementor-section-boxed elementor-section-height-default elementor-section-height-default\" data-id=\"ed0a535\" data-element_type=\"section\" data-settings=\"{&quot;background_background&quot;:&quot;classic&quot;}\">\n\t\t\t\t\t\t<div class=\"elementor-container elementor-column-gap-default\">\n\t\t\t\t\t<div class=\"elementor-column elementor-col-100 elementor-top-column elementor-element elementor-element-5058a3b about-col\" data-id=\"5058a3b\" data-element_type=\"column\" data-settings=\"{&quot;background_background&quot;:&quot;classic&quot;}\">\n\t\t\t<div class=\"elementor-widget-wrap elementor-element-populated\">\n\t\t\t\t\t<div class=\"elementor-background-overlay\"><\/div>\n\t\t\t\t\t\t<section class=\"elementor-section elementor-inner-section elementor-element elementor-element-849df87 elementor-section-boxed elementor-section-height-default elementor-section-height-default\" data-id=\"849df87\" data-element_type=\"section\" data-settings=\"{&quot;background_background&quot;:&quot;classic&quot;}\">\n\t\t\t\t\t\t<div class=\"elementor-container elementor-column-gap-wider\">\n\t\t\t\t\t<div class=\"elementor-column elementor-col-50 elementor-inner-column elementor-element elementor-element-1c12f79\" data-id=\"1c12f79\" data-element_type=\"column\">\n\t\t\t<div class=\"elementor-widget-wrap elementor-element-populated\">\n\t\t\t\t\t\t<div class=\"elementor-element elementor-element-8582e0d elementor-widget elementor-widget-image\" data-id=\"8582e0d\" data-element_type=\"widget\" data-widget_type=\"image.default\">\n\t\t\t\t<div class=\"elementor-widget-container\">\n\t\t\t\t\t\t\t\t\t\t\t\t\t\t\t<img fetchpriority=\"high\" decoding=\"async\" width=\"2196\" height=\"1782\" src=\"https:\/\/digitaltaxgroup.com\/wp-content\/uploads\/2024\/01\/Frank-Villegas-Img.webp\" class=\"attachment-full size-full wp-image-897\" alt=\"Francisco Villegas, CPA\" srcset=\"https:\/\/digitaltaxgroup.com\/wp-content\/uploads\/2024\/01\/Frank-Villegas-Img.webp 2196w, https:\/\/digitaltaxgroup.com\/wp-content\/uploads\/2024\/01\/Frank-Villegas-Img-300x243.webp 300w, https:\/\/digitaltaxgroup.com\/wp-content\/uploads\/2024\/01\/Frank-Villegas-Img-1024x831.webp 1024w, https:\/\/digitaltaxgroup.com\/wp-content\/uploads\/2024\/01\/Frank-Villegas-Img-768x623.webp 768w, https:\/\/digitaltaxgroup.com\/wp-content\/uploads\/2024\/01\/Frank-Villegas-Img-1536x1246.webp 1536w, https:\/\/digitaltaxgroup.com\/wp-content\/uploads\/2024\/01\/Frank-Villegas-Img-2048x1662.webp 2048w\" sizes=\"(max-width: 2196px) 100vw, 2196px\" \/>\t\t\t\t\t\t\t\t\t\t\t\t\t\t\t<\/div>\n\t\t\t\t<\/div>\n\t\t\t\t<div class=\"elementor-element elementor-element-3c5af4b elementor-widget__width-initial elementor-widget elementor-widget-heading\" data-id=\"3c5af4b\" data-element_type=\"widget\" data-widget_type=\"heading.default\">\n\t\t\t\t<div class=\"elementor-widget-container\">\n\t\t\t\t\t<h1 class=\"elementor-heading-title elementor-size-default\">Francisco Villegas, CPA<\/h1>\t\t\t\t<\/div>\n\t\t\t\t<\/div>\n\t\t\t\t<div class=\"elementor-element elementor-element-78fcba7 elementor-widget elementor-widget-heading\" data-id=\"78fcba7\" data-element_type=\"widget\" data-widget_type=\"heading.default\">\n\t\t\t\t<div class=\"elementor-widget-container\">\n\t\t\t\t\t<h2 class=\"elementor-heading-title elementor-size-default\">Director de Impuestos<\/h2>\t\t\t\t<\/div>\n\t\t\t\t<\/div>\n\t\t\t\t\t<\/div>\n\t\t<\/div>\n\t\t\t\t<div class=\"elementor-column elementor-col-50 elementor-inner-column elementor-element elementor-element-d492072\" data-id=\"d492072\" data-element_type=\"column\">\n\t\t\t<div class=\"elementor-widget-wrap elementor-element-populated\">\n\t\t\t\t\t\t<div class=\"elementor-element elementor-element-5a77dfe elementor-widget elementor-widget-text-editor\" data-id=\"5a77dfe\" data-element_type=\"widget\" data-widget_type=\"text-editor.default\">\n\t\t\t\t<div class=\"elementor-widget-container\">\n\t\t\t\t\t\t\t\t\t<section class=\"elementor-section elementor-inner-section elementor-element elementor-element-201b100 elementor-section-boxed elementor-section-height-default elementor-section-height-default\" data-id=\"201b100\" data-element_type=\"section\" data-settings=\"{&quot;background_background&quot;:&quot;classic&quot;}\"><div class=\"elementor-container elementor-column-gap-default\"><div class=\"elementor-column elementor-col-50 elementor-inner-column elementor-element elementor-element-fa5a9d7\" data-id=\"fa5a9d7\" data-element_type=\"column\"><div class=\"elementor-widget-wrap elementor-element-populated\"><div class=\"elementor-element elementor-element-b5b5f4a elementor-widget__width-initial elementor-widget elementor-widget-heading\" data-id=\"b5b5f4a\" data-element_type=\"widget\" data-widget_type=\"heading.default\"><div class=\"elementor-widget-container\">\u00a0<\/div><\/div><\/div><\/div><\/div><\/section><div class=\"elementor-element elementor-element-a1dfb71 elementor-widget__width-initial elementor-widget elementor-widget-text-editor\" data-id=\"a1dfb71\" data-element_type=\"widget\" data-widget_type=\"text-editor.default\"><div class=\"elementor-widget-container\"><p>Francisco J. Villegas, un veterano Contador P\u00fablico Certificado con m\u00e1s de tres d\u00e9cadas de experiencia<br \/>Su experiencia ha sido fundamental en el panorama contable y de asesor\u00eda financiera de Florida. Su s\u00f3lida trayectoria en contabilidad p\u00fablica e informes financieros del sector privado ha sido un pilar fundamental de su identidad profesional.<\/p><p>Como fundador de Francisco J. Villegas, CPA, PA, Francisco estableci\u00f3 una reputaci\u00f3n por<br \/>Ofrece servicios integrales de contabilidad y consultor\u00eda, con especial atenci\u00f3n a clientes internacionales. Su firma, reconocida por su experta gesti\u00f3n de escenarios financieros complejos, se uni\u00f3 recientemente a Digital Tax Group, liderada por Ian, contador p\u00fablico con una trayectoria igualmente destacada. Esta estrategia busca ampliar los horizontes de la excelencia en el servicio al cliente.<\/p><p>Durante este per\u00edodo de transici\u00f3n, Francisco aporta su experiencia para garantizar una integraci\u00f3n fluida de las pr\u00e1cticas y la clientela de su firma con los enfoques innovadores de Digital Tax Group. Su participaci\u00f3n durante esta fase es crucial para mantener los altos est\u00e1ndares de servicio que sus clientes esperan, a la vez que adopta las nuevas perspectivas y metodolog\u00edas introducidas por Digital Tax Group.<\/p><p>La formaci\u00f3n acad\u00e9mica de Francisco en la Universidad Internacional de Florida y su participaci\u00f3n activa en la comunidad contable, incluyendo membres\u00edas en la AICPA y la C\u00e1mara de Comercio de Coral Gables, siempre han impulsado su trayectoria profesional.<\/p><p>Con ra\u00edces en Santiago de Chile y enriquecido por sus experiencias en Colombia, su visi\u00f3n multicultural y sus capacidades biling\u00fces en ingl\u00e9s y espa\u00f1ol lo han convertido en un valioso comunicador y asesor.<\/p><p>Mientras Francisco hace la transici\u00f3n desde su puesto anterior, Digital Tax Group se siente honrado de contar con su orientaci\u00f3n para combinar lo mejor de ambos mundos, garantizando que tanto los clientes antiguos como los nuevos sigan recibiendo una orientaci\u00f3n financiera excepcional y experta.<\/p><\/div><\/div>\t\t\t\t\t\t\t\t<\/div>\n\t\t\t\t<\/div>\n\t\t\t\t<div class=\"elementor-element elementor-element-2d42d14 elementor-widget elementor-widget-heading\" data-id=\"2d42d14\" data-element_type=\"widget\" data-widget_type=\"heading.default\">\n\t\t\t\t<div class=\"elementor-widget-container\">\n\t\t\t\t\t<h3 class=\"elementor-heading-title elementor-size-default\">Certificaciones e idiomas<\/h3>\t\t\t\t<\/div>\n\t\t\t\t<\/div>\n\t\t\t\t<div class=\"elementor-element elementor-element-854f1be elementor-widget__width-initial elementor-widget elementor-widget-text-editor\" data-id=\"854f1be\" data-element_type=\"widget\" data-widget_type=\"text-editor.default\">\n\t\t\t\t<div class=\"elementor-widget-container\">\n\t\t\t\t\t\t\t\t\t<ul><li>Contador P\u00fablico Certificado<br \/>Fluido en ingl\u00e9s y espa\u00f1ol<\/li><\/ul>\t\t\t\t\t\t\t\t<\/div>\n\t\t\t\t<\/div>\n\t\t\t\t\t<\/div>\n\t\t<\/div>\n\t\t\t\t\t<\/div>\n\t\t<\/section>\n\t\t\t\t\t<\/div>\n\t\t<\/div>\n\t\t\t\t\t<\/div>\n\t\t<\/section>\n\t\t\t\t<\/div>","protected":false},"excerpt":{"rendered":"<p>Francisco Villegas, CPA Tax Director \u00a0 Francisco J. Villegas, a veteran Certified Public Accountant with over three decades ofexpertise, played a pivotal role in the accounting and financial advisory landscape of Florida. His seasoned background in public accounting and private-sector financial reporting has been a cornerstone of his professional identity. As the founder of Francisco [&hellip;]<\/p>\n","protected":false},"author":3,"featured_media":0,"parent":0,"menu_order":0,"comment_status":"closed","ping_status":"closed","template":"","meta":{"site-sidebar-layout":"no-sidebar","site-content-layout":"page-builder","ast-site-content-layout":"full-width-container","site-content-style":"default","site-sidebar-style":"default","ast-global-header-display":"","ast-banner-title-visibility":"","ast-main-header-display":"","ast-hfb-above-header-display":"","ast-hfb-below-header-display":"","ast-hfb-mobile-header-display":"","site-post-title":"disabled","ast-breadcrumbs-content":"","ast-featured-img":"disabled","footer-sml-layout":"","ast-disable-related-posts":"","theme-transparent-header-meta":"","adv-header-id-meta":"","stick-header-meta":"","header-above-stick-meta":"","header-main-stick-meta":"","header-below-stick-meta":"","astra-migrate-meta-layouts":"default","ast-page-background-enabled":"default","ast-page-background-meta":{"desktop":{"background-color":"var(--ast-global-color-4)","background-image":"","background-repeat":"repeat","background-position":"center center","background-size":"auto","background-attachment":"scroll","background-type":"","background-media":"","overlay-type":"","overlay-color":"","overlay-opacity":"","overlay-gradient":""},"tablet":{"background-color":"","background-image":"","background-repeat":"repeat","background-position":"center center","background-size":"auto","background-attachment":"scroll","background-type":"","background-media":"","overlay-type":"","overlay-color":"","overlay-opacity":"","overlay-gradient":""},"mobile":{"background-color":"","background-image":"","background-repeat":"repeat","background-position":"center center","background-size":"auto","background-attachment":"scroll","background-type":"","background-media":"","overlay-type":"","overlay-color":"","overlay-opacity":"","overlay-gradient":""}},"ast-content-background-meta":{"desktop":{"background-color":"var(--ast-global-color-5)","background-image":"","background-repeat":"repeat","background-position":"center center","background-size":"auto","background-attachment":"scroll","background-type":"","background-media":"","overlay-type":"","overlay-color":"","overlay-opacity":"","overlay-gradient":""},"tablet":{"background-color":"var(--ast-global-color-5)","background-image":"","background-repeat":"repeat","background-position":"center center","background-size":"auto","background-attachment":"scroll","background-type":"","background-media":"","overlay-type":"","overlay-color":"","overlay-opacity":"","overlay-gradient":""},"mobile":{"background-color":"var(--ast-global-color-5)","background-image":"","background-repeat":"repeat","background-position":"center center","background-size":"auto","background-attachment":"scroll","background-type":"","background-media":"","overlay-type":"","overlay-color":"","overlay-opacity":"","overlay-gradient":""}},"footnotes":""},"class_list":["post-790","page","type-page","status-publish","hentry"],"acf":[],"_links":{"self":[{"href":"https:\/\/digitaltaxgroup.com\/es\/wp-json\/wp\/v2\/pages\/790","targetHints":{"allow":["GET"]}}],"collection":[{"href":"https:\/\/digitaltaxgroup.com\/es\/wp-json\/wp\/v2\/pages"}],"about":[{"href":"https:\/\/digitaltaxgroup.com\/es\/wp-json\/wp\/v2\/types\/page"}],"author":[{"embeddable":true,"href":"https:\/\/digitaltaxgroup.com\/es\/wp-json\/wp\/v2\/users\/3"}],"replies":[{"embeddable":true,"href":"https:\/\/digitaltaxgroup.com\/es\/wp-json\/wp\/v2\/comments?post=790"}],"version-history":[{"count":37,"href":"https:\/\/digitaltaxgroup.com\/es\/wp-json\/wp\/v2\/pages\/790\/revisions"}],"predecessor-version":[{"id":1709,"href":"https:\/\/digitaltaxgroup.com\/es\/wp-json\/wp\/v2\/pages\/790\/revisions\/1709"}],"wp:attachment":[{"href":"https:\/\/digitaltaxgroup.com\/es\/wp-json\/wp\/v2\/media?parent=790"}],"curies":[{"name":"wp","href":"https:\/\/api.w.org\/{rel}","templated":true}]}}