{"id":967,"date":"2024-05-01T21:28:05","date_gmt":"2024-05-01T21:28:05","guid":{"rendered":"https:\/\/digitaltaxgroup.com\/?page_id=967"},"modified":"2024-07-31T17:21:50","modified_gmt":"2024-07-31T17:21:50","slug":"blog","status":"publish","type":"page","link":"https:\/\/digitaltaxgroup.com\/es\/blog\/","title":{"rendered":"Blog"},"content":{"rendered":"<div data-elementor-type=\"wp-page\" data-elementor-id=\"967\" class=\"elementor elementor-967\" data-elementor-post-type=\"page\">\n\t\t\t\t\t\t<section class=\"elementor-section elementor-top-section elementor-element elementor-element-455337d elementor-section-boxed elementor-section-height-default elementor-section-height-default\" data-id=\"455337d\" data-element_type=\"section\" data-settings=\"{&quot;background_background&quot;:&quot;classic&quot;}\">\n\t\t\t\t\t\t<div class=\"elementor-container elementor-column-gap-default\">\n\t\t\t\t\t<div class=\"elementor-column elementor-col-100 elementor-top-column elementor-element elementor-element-6297909\" data-id=\"6297909\" data-element_type=\"column\">\n\t\t\t<div class=\"elementor-widget-wrap elementor-element-populated\">\n\t\t\t\t\t\t<div class=\"elementor-element elementor-element-4a5452d elementor-widget elementor-widget-heading\" data-id=\"4a5452d\" data-element_type=\"widget\" data-widget_type=\"heading.default\">\n\t\t\t\t<div class=\"elementor-widget-container\">\n\t\t\t\t\t<h1 class=\"elementor-heading-title elementor-size-default\">Nuestro blog<\/h1>\t\t\t\t<\/div>\n\t\t\t\t<\/div>\n\t\t\t\t<div class=\"elementor-element elementor-element-fb4d55a elementor-widget elementor-widget-heading\" data-id=\"fb4d55a\" data-element_type=\"widget\" data-widget_type=\"heading.default\">\n\t\t\t\t<div class=\"elementor-widget-container\">\n\t\t\t\t\t<h2 class=\"elementor-heading-title elementor-size-default\">Art\u00edculos reveladores y consejos de expertos sobre soluciones fiscales y de contabilidad p\u00fablica.<\/h2>\t\t\t\t<\/div>\n\t\t\t\t<\/div>\n\t\t\t\t\t<\/div>\n\t\t<\/div>\n\t\t\t\t\t<\/div>\n\t\t<\/section>\n\t\t\t\t<section class=\"elementor-section elementor-top-section elementor-element elementor-element-2e1a2c0 elementor-section-boxed elementor-section-height-default elementor-section-height-default\" data-id=\"2e1a2c0\" data-element_type=\"section\" data-settings=\"{&quot;background_background&quot;:&quot;classic&quot;}\">\n\t\t\t\t\t\t<div class=\"elementor-container elementor-column-gap-default\">\n\t\t\t\t\t<div class=\"elementor-column elementor-col-100 elementor-top-column elementor-element elementor-element-9f2c14e\" data-id=\"9f2c14e\" data-element_type=\"column\">\n\t\t\t<div class=\"elementor-widget-wrap elementor-element-populated\">\n\t\t\t\t\t\t<div class=\"elementor-element elementor-element-e30b134 elementor-grid-3 elementor-grid-tablet-2 elementor-grid-mobile-1 elementor-posts--thumbnail-top elementor-widget elementor-widget-posts\" data-id=\"e30b134\" data-element_type=\"widget\" data-settings=\"{&quot;pagination_type&quot;:&quot;load_more_infinite_scroll&quot;,&quot;classic_columns&quot;:&quot;3&quot;,&quot;classic_columns_tablet&quot;:&quot;2&quot;,&quot;classic_columns_mobile&quot;:&quot;1&quot;,&quot;classic_row_gap&quot;:{&quot;unit&quot;:&quot;px&quot;,&quot;size&quot;:35,&quot;sizes&quot;:[]},&quot;classic_row_gap_tablet&quot;:{&quot;unit&quot;:&quot;px&quot;,&quot;size&quot;:&quot;&quot;,&quot;sizes&quot;:[]},&quot;classic_row_gap_mobile&quot;:{&quot;unit&quot;:&quot;px&quot;,&quot;size&quot;:&quot;&quot;,&quot;sizes&quot;:[]},&quot;load_more_spinner&quot;:{&quot;value&quot;:&quot;fas fa-spinner&quot;,&quot;library&quot;:&quot;fa-solid&quot;}}\" data-widget_type=\"posts.classic\">\n\t\t\t\t<div class=\"elementor-widget-container\">\n\t\t\t\t\t\t\t<div class=\"elementor-posts-container elementor-posts elementor-posts--skin-classic elementor-grid\" role=\"list\">\n\t\t\t\t<article class=\"elementor-post elementor-grid-item post-3274 post type-post status-publish format-standard has-post-thumbnail hentry category-tax-preparation-and-planning category-accounting-insights tag-one-big-beautiful-bill tag-senior-tax-deductions-2025\" role=\"listitem\">\n\t\t\t\t<a class=\"elementor-post__thumbnail__link\" href=\"https:\/\/digitaltaxgroup.com\/es\/senior-tax-deductions-2025\/\" tabindex=\"-1\">\n\t\t\t<div class=\"elementor-post__thumbnail\"><img fetchpriority=\"high\" decoding=\"async\" width=\"1024\" height=\"576\" src=\"https:\/\/digitaltaxgroup.com\/wp-content\/uploads\/2025\/10\/senior-tax-deductions-2025-1024x576.avif\" class=\"attachment-large size-large wp-image-3278\" alt=\"Deducciones fiscales para personas mayores en 2025\" srcset=\"https:\/\/digitaltaxgroup.com\/wp-content\/uploads\/2025\/10\/senior-tax-deductions-2025-1024x576.avif 1024w, https:\/\/digitaltaxgroup.com\/wp-content\/uploads\/2025\/10\/senior-tax-deductions-2025-300x169.avif 300w, https:\/\/digitaltaxgroup.com\/wp-content\/uploads\/2025\/10\/senior-tax-deductions-2025-768x432.avif 768w, https:\/\/digitaltaxgroup.com\/wp-content\/uploads\/2025\/10\/senior-tax-deductions-2025-1536x864.avif 1536w, https:\/\/digitaltaxgroup.com\/wp-content\/uploads\/2025\/10\/senior-tax-deductions-2025-18x10.avif 18w, https:\/\/digitaltaxgroup.com\/wp-content\/uploads\/2025\/10\/senior-tax-deductions-2025-1320x743.avif 1320w, https:\/\/digitaltaxgroup.com\/wp-content\/uploads\/2025\/10\/senior-tax-deductions-2025.avif 1920w\" sizes=\"(max-width: 1024px) 100vw, 1024px\" \/><\/div>\n\t\t<\/a>\n\t\t\t\t<div class=\"elementor-post__text\">\n\t\t\t\t<h3 class=\"elementor-post__title\">\n\t\t\t<a href=\"https:\/\/digitaltaxgroup.com\/es\/senior-tax-deductions-2025\/\">\n\t\t\t\tDeducciones fiscales para personas mayores en 2025: C\u00f3mo maximizar sus beneficios\t\t\t<\/a>\n\t\t<\/h3>\n\t\t\t\t<div class=\"elementor-post__meta-data\">\n\t\t\t\t\t<span class=\"elementor-post-author\">\n\t\t\tIan Borbolla, CPA\t\t<\/span>\n\t\t\t\t<span class=\"elementor-post-date\">\n\t\t\toctubre 7, 2025\t\t<\/span>\n\t\t\t\t<\/div>\n\t\t\t\t<div class=\"elementor-post__excerpt\">\n\t\t\t<p>A medida que se acerca el a\u00f1o fiscal 2025, comprender las deducciones fiscales para personas mayores se vuelve crucial para quienes tienen 65 a\u00f1os o m\u00e1s. La Ley One Big Beautiful Bill introduce cambios significativos dise\u00f1ados para mejorar la estabilidad financiera de los adultos mayores.<\/p>\n\t\t<\/div>\n\t\t\n\t\t<a class=\"elementor-post__read-more\" href=\"https:\/\/digitaltaxgroup.com\/es\/senior-tax-deductions-2025\/\" aria-label=\"M\u00e1s informaci\u00f3n sobre Senior Tax Deductions 2025: Maximizing Your Benefits\" tabindex=\"-1\">\n\t\t\tLeer m\u00e1s &#034;\t\t<\/a>\n\n\t\t\t\t<\/div>\n\t\t\t\t<\/article>\n\t\t\t\t<article class=\"elementor-post elementor-grid-item post-3269 post type-post status-publish format-standard has-post-thumbnail hentry category-tax-preparation-and-planning category-accounting-insights tag-employee-vs-contractor-2025 tag-taxes-2025\" role=\"listitem\">\n\t\t\t\t<a class=\"elementor-post__thumbnail__link\" href=\"https:\/\/digitaltaxgroup.com\/es\/employee-vs-contractor-tax-consequences-2025\/\" tabindex=\"-1\">\n\t\t\t<div class=\"elementor-post__thumbnail\"><img decoding=\"async\" width=\"1024\" height=\"576\" src=\"https:\/\/digitaltaxgroup.com\/wp-content\/uploads\/2025\/10\/employee-vs-contractor-tax-consequences-2025-1024x576.avif\" class=\"attachment-large size-large wp-image-3265\" alt=\"Consecuencias fiscales para empleados y contratistas en 2025\" srcset=\"https:\/\/digitaltaxgroup.com\/wp-content\/uploads\/2025\/10\/employee-vs-contractor-tax-consequences-2025-1024x576.avif 1024w, https:\/\/digitaltaxgroup.com\/wp-content\/uploads\/2025\/10\/employee-vs-contractor-tax-consequences-2025-300x169.avif 300w, https:\/\/digitaltaxgroup.com\/wp-content\/uploads\/2025\/10\/employee-vs-contractor-tax-consequences-2025-768x432.avif 768w, https:\/\/digitaltaxgroup.com\/wp-content\/uploads\/2025\/10\/employee-vs-contractor-tax-consequences-2025-1536x864.avif 1536w, https:\/\/digitaltaxgroup.com\/wp-content\/uploads\/2025\/10\/employee-vs-contractor-tax-consequences-2025-18x10.avif 18w, https:\/\/digitaltaxgroup.com\/wp-content\/uploads\/2025\/10\/employee-vs-contractor-tax-consequences-2025-1320x743.avif 1320w, https:\/\/digitaltaxgroup.com\/wp-content\/uploads\/2025\/10\/employee-vs-contractor-tax-consequences-2025.avif 1920w\" sizes=\"(max-width: 1024px) 100vw, 1024px\" \/><\/div>\n\t\t<\/a>\n\t\t\t\t<div class=\"elementor-post__text\">\n\t\t\t\t<h3 class=\"elementor-post__title\">\n\t\t\t<a href=\"https:\/\/digitaltaxgroup.com\/es\/employee-vs-contractor-tax-consequences-2025\/\">\n\t\t\t\tConsecuencias fiscales para empleados y contratistas en 2025\t\t\t<\/a>\n\t\t<\/h3>\n\t\t\t\t<div class=\"elementor-post__meta-data\">\n\t\t\t\t\t<span class=\"elementor-post-author\">\n\t\t\tIan Borbolla, CPA\t\t<\/span>\n\t\t\t\t<span class=\"elementor-post-date\">\n\t\t\toctubre 7, 2025\t\t<\/span>\n\t\t\t\t<\/div>\n\t\t\t\t<div class=\"elementor-post__excerpt\">\n\t\t\t<p>Comprender las consecuencias fiscales de la contrataci\u00f3n de empleados frente a contratistas en 2025 es crucial para las empresas que se enfrentan a la clasificaci\u00f3n de trabajadores. La elecci\u00f3n entre contratar a un empleado o a un contratista independiente afecta las obligaciones fiscales, las responsabilidades legales y las operaciones.<\/p>\n\t\t<\/div>\n\t\t\n\t\t<a class=\"elementor-post__read-more\" href=\"https:\/\/digitaltaxgroup.com\/es\/employee-vs-contractor-tax-consequences-2025\/\" aria-label=\"M\u00e1s informaci\u00f3n sobre Employee vs Contractor Tax Consequences 2025\" tabindex=\"-1\">\n\t\t\tLeer m\u00e1s &#034;\t\t<\/a>\n\n\t\t\t\t<\/div>\n\t\t\t\t<\/article>\n\t\t\t\t<article class=\"elementor-post elementor-grid-item post-3257 post type-post status-publish format-standard has-post-thumbnail hentry category-accounting-insights category-news tag-car-loan-interest-tax-deduction-2025\" role=\"listitem\">\n\t\t\t\t<a class=\"elementor-post__thumbnail__link\" href=\"https:\/\/digitaltaxgroup.com\/es\/car-loan-interest-tax-deduction-2025\/\" tabindex=\"-1\">\n\t\t\t<div class=\"elementor-post__thumbnail\"><img decoding=\"async\" width=\"1024\" height=\"576\" src=\"https:\/\/digitaltaxgroup.com\/wp-content\/uploads\/2025\/08\/Car-Loan-Interest-Tax-Deduction-2025-One-Big-Beautiful-Bill-1024x576.avif\" class=\"attachment-large size-large wp-image-3254\" alt=\"Deducci\u00f3n de intereses de pr\u00e9stamos de autom\u00f3viles 2025: una factura grande y hermosa\" srcset=\"https:\/\/digitaltaxgroup.com\/wp-content\/uploads\/2025\/08\/Car-Loan-Interest-Tax-Deduction-2025-One-Big-Beautiful-Bill-1024x576.avif 1024w, https:\/\/digitaltaxgroup.com\/wp-content\/uploads\/2025\/08\/Car-Loan-Interest-Tax-Deduction-2025-One-Big-Beautiful-Bill-300x169.avif 300w, https:\/\/digitaltaxgroup.com\/wp-content\/uploads\/2025\/08\/Car-Loan-Interest-Tax-Deduction-2025-One-Big-Beautiful-Bill-768x432.avif 768w, https:\/\/digitaltaxgroup.com\/wp-content\/uploads\/2025\/08\/Car-Loan-Interest-Tax-Deduction-2025-One-Big-Beautiful-Bill-1536x864.avif 1536w, https:\/\/digitaltaxgroup.com\/wp-content\/uploads\/2025\/08\/Car-Loan-Interest-Tax-Deduction-2025-One-Big-Beautiful-Bill-18x10.avif 18w, https:\/\/digitaltaxgroup.com\/wp-content\/uploads\/2025\/08\/Car-Loan-Interest-Tax-Deduction-2025-One-Big-Beautiful-Bill-1320x743.avif 1320w, https:\/\/digitaltaxgroup.com\/wp-content\/uploads\/2025\/08\/Car-Loan-Interest-Tax-Deduction-2025-One-Big-Beautiful-Bill.avif 1920w\" sizes=\"(max-width: 1024px) 100vw, 1024px\" \/><\/div>\n\t\t<\/a>\n\t\t\t\t<div class=\"elementor-post__text\">\n\t\t\t\t<h3 class=\"elementor-post__title\">\n\t\t\t<a href=\"https:\/\/digitaltaxgroup.com\/es\/car-loan-interest-tax-deduction-2025\/\">\n\t\t\t\tDeducci\u00f3n de intereses de pr\u00e9stamos de autom\u00f3viles 2025: una factura enorme y hermosa\t\t\t<\/a>\n\t\t<\/h3>\n\t\t\t\t<div class=\"elementor-post__meta-data\">\n\t\t\t\t\t<span class=\"elementor-post-author\">\n\t\t\tIan Borbolla, CPA\t\t<\/span>\n\t\t\t\t<span class=\"elementor-post-date\">\n\t\t\t27 de agosto de 2025\t\t<\/span>\n\t\t\t\t<\/div>\n\t\t\t\t<div class=\"elementor-post__excerpt\">\n\t\t\t<p>La deducci\u00f3n fiscal de intereses de pr\u00e9stamos para autom\u00f3viles de 2025 es parte de la Ley One Big Beautiful Bill, un nuevo esfuerzo dise\u00f1ado para brindarles a los contribuyentes un alivio fiscal significativo al financiar un veh\u00edculo.<\/p>\n\t\t<\/div>\n\t\t\n\t\t<a class=\"elementor-post__read-more\" href=\"https:\/\/digitaltaxgroup.com\/es\/car-loan-interest-tax-deduction-2025\/\" aria-label=\"M\u00e1s informaci\u00f3n sobre Car Loan Interest Tax Deduction 2025: One Big Beautiful Bill\" tabindex=\"-1\">\n\t\t\tLeer m\u00e1s &#034;\t\t<\/a>\n\n\t\t\t\t<\/div>\n\t\t\t\t<\/article>\n\t\t\t\t<article class=\"elementor-post elementor-grid-item post-3249 post type-post status-publish format-standard has-post-thumbnail hentry category-accounting-insights category-news tag-overtime-tax-deductions-2025\" role=\"listitem\">\n\t\t\t\t<a class=\"elementor-post__thumbnail__link\" href=\"https:\/\/digitaltaxgroup.com\/es\/overtime-tax-deductions-2025\/\" tabindex=\"-1\">\n\t\t\t<div class=\"elementor-post__thumbnail\"><img loading=\"lazy\" decoding=\"async\" width=\"1024\" height=\"576\" src=\"https:\/\/digitaltaxgroup.com\/wp-content\/uploads\/2025\/08\/Overtime-Tax-Deductions-2025-One-beautiful-big-bill-1024x576.avif\" class=\"attachment-large size-large wp-image-3247\" alt=\"Deducciones fiscales por horas extras 2025: una factura grande y hermosa\" srcset=\"https:\/\/digitaltaxgroup.com\/wp-content\/uploads\/2025\/08\/Overtime-Tax-Deductions-2025-One-beautiful-big-bill-1024x576.avif 1024w, https:\/\/digitaltaxgroup.com\/wp-content\/uploads\/2025\/08\/Overtime-Tax-Deductions-2025-One-beautiful-big-bill-300x169.avif 300w, https:\/\/digitaltaxgroup.com\/wp-content\/uploads\/2025\/08\/Overtime-Tax-Deductions-2025-One-beautiful-big-bill-768x432.avif 768w, https:\/\/digitaltaxgroup.com\/wp-content\/uploads\/2025\/08\/Overtime-Tax-Deductions-2025-One-beautiful-big-bill-1536x864.avif 1536w, https:\/\/digitaltaxgroup.com\/wp-content\/uploads\/2025\/08\/Overtime-Tax-Deductions-2025-One-beautiful-big-bill-18x10.avif 18w, https:\/\/digitaltaxgroup.com\/wp-content\/uploads\/2025\/08\/Overtime-Tax-Deductions-2025-One-beautiful-big-bill-1320x743.avif 1320w, https:\/\/digitaltaxgroup.com\/wp-content\/uploads\/2025\/08\/Overtime-Tax-Deductions-2025-One-beautiful-big-bill.avif 1920w\" sizes=\"(max-width: 1024px) 100vw, 1024px\" \/><\/div>\n\t\t<\/a>\n\t\t\t\t<div class=\"elementor-post__text\">\n\t\t\t\t<h3 class=\"elementor-post__title\">\n\t\t\t<a href=\"https:\/\/digitaltaxgroup.com\/es\/overtime-tax-deductions-2025\/\">\n\t\t\t\tDeducciones fiscales por horas extras 2025: una gran y hermosa factura para el alivio del pago de horas extras\t\t\t<\/a>\n\t\t<\/h3>\n\t\t\t\t<div class=\"elementor-post__meta-data\">\n\t\t\t\t\t<span class=\"elementor-post-author\">\n\t\t\tIan Borbolla, CPA\t\t<\/span>\n\t\t\t\t<span class=\"elementor-post-date\">\n\t\t\t26 de agosto de 2025\t\t<\/span>\n\t\t\t\t<\/div>\n\t\t\t\t<div class=\"elementor-post__excerpt\">\n\t\t\t<p>La Ley de Alivio Fiscal para el Pago de Horas Extra de 2025, tambi\u00e9n llamada Ley One Big Beautiful Bill, ha supuesto un cambio hist\u00f3rico en la forma en que se tratan las horas extra en la legislaci\u00f3n fiscal de Estados Unidos.<\/p>\n\t\t<\/div>\n\t\t\n\t\t<a class=\"elementor-post__read-more\" href=\"https:\/\/digitaltaxgroup.com\/es\/overtime-tax-deductions-2025\/\" aria-label=\"M\u00e1s informaci\u00f3n sobre Overtime Tax Deductions 2025: One Big Beautiful Bill for Overtime Pay Relief\" tabindex=\"-1\">\n\t\t\tLeer m\u00e1s &#034;\t\t<\/a>\n\n\t\t\t\t<\/div>\n\t\t\t\t<\/article>\n\t\t\t\t<article class=\"elementor-post elementor-grid-item post-3237 post type-post status-publish format-standard has-post-thumbnail hentry category-news category-regulatory-compliance tag-no-tax-on-tips-2025\" role=\"listitem\">\n\t\t\t\t<a class=\"elementor-post__thumbnail__link\" href=\"https:\/\/digitaltaxgroup.com\/es\/no-tax-on-tips-2025\/\" tabindex=\"-1\">\n\t\t\t<div class=\"elementor-post__thumbnail\"><img loading=\"lazy\" decoding=\"async\" width=\"1024\" height=\"576\" src=\"https:\/\/digitaltaxgroup.com\/wp-content\/uploads\/2025\/08\/no-tax-on-tips-2025-big-beautiful-bill-1024x576.avif\" class=\"attachment-large size-large wp-image-3235\" alt=\"Sin impuestos sobre las propinas 2025 - gran y hermoso proyecto de ley\" srcset=\"https:\/\/digitaltaxgroup.com\/wp-content\/uploads\/2025\/08\/no-tax-on-tips-2025-big-beautiful-bill-1024x576.avif 1024w, https:\/\/digitaltaxgroup.com\/wp-content\/uploads\/2025\/08\/no-tax-on-tips-2025-big-beautiful-bill-300x169.avif 300w, https:\/\/digitaltaxgroup.com\/wp-content\/uploads\/2025\/08\/no-tax-on-tips-2025-big-beautiful-bill-768x432.avif 768w, https:\/\/digitaltaxgroup.com\/wp-content\/uploads\/2025\/08\/no-tax-on-tips-2025-big-beautiful-bill-1536x864.avif 1536w, https:\/\/digitaltaxgroup.com\/wp-content\/uploads\/2025\/08\/no-tax-on-tips-2025-big-beautiful-bill-18x10.avif 18w, https:\/\/digitaltaxgroup.com\/wp-content\/uploads\/2025\/08\/no-tax-on-tips-2025-big-beautiful-bill-1320x743.avif 1320w, https:\/\/digitaltaxgroup.com\/wp-content\/uploads\/2025\/08\/no-tax-on-tips-2025-big-beautiful-bill.avif 1920w\" sizes=\"(max-width: 1024px) 100vw, 1024px\" \/><\/div>\n\t\t<\/a>\n\t\t\t\t<div class=\"elementor-post__text\">\n\t\t\t\t<h3 class=\"elementor-post__title\">\n\t\t\t<a href=\"https:\/\/digitaltaxgroup.com\/es\/no-tax-on-tips-2025\/\">\n\t\t\t\tSin impuestos sobre las propinas en 2025: Impuestos, horas extras y deducciones bajo la Ley One Big Beautiful Bill\t\t\t<\/a>\n\t\t<\/h3>\n\t\t\t\t<div class=\"elementor-post__meta-data\">\n\t\t\t\t\t<span class=\"elementor-post-author\">\n\t\t\tIan Borbolla, CPA\t\t<\/span>\n\t\t\t\t<span class=\"elementor-post-date\">\n\t\t\t25 de agosto de 2025\t\t<\/span>\n\t\t\t\t<\/div>\n\t\t\t\t<div class=\"elementor-post__excerpt\">\n\t\t\t<p>Para millones de estadounidenses que dependen de las propinas y las horas extra, la eliminaci\u00f3n de impuestos sobre las propinas en 2025 marca un punto de inflexi\u00f3n en la legislaci\u00f3n fiscal. La introducci\u00f3n de la Ley One Big Beautiful<\/p>\n\t\t<\/div>\n\t\t\n\t\t<a class=\"elementor-post__read-more\" href=\"https:\/\/digitaltaxgroup.com\/es\/no-tax-on-tips-2025\/\" aria-label=\"M\u00e1s informaci\u00f3n sobre No Tax on Tips 2025: Tax, Overtime, and Deductions Under the One Big Beautiful Bill Act\" tabindex=\"-1\">\n\t\t\tLeer m\u00e1s &#034;\t\t<\/a>\n\n\t\t\t\t<\/div>\n\t\t\t\t<\/article>\n\t\t\t\t<article class=\"elementor-post elementor-grid-item post-3209 post type-post status-publish format-standard has-post-thumbnail hentry category-accounting-insights category-advisory-services tag-employee-vs-contractor\" role=\"listitem\">\n\t\t\t\t<a class=\"elementor-post__thumbnail__link\" href=\"https:\/\/digitaltaxgroup.com\/es\/employee-vs-contractor-2025\/\" tabindex=\"-1\">\n\t\t\t<div class=\"elementor-post__thumbnail\"><img loading=\"lazy\" decoding=\"async\" width=\"1024\" height=\"576\" src=\"https:\/\/digitaltaxgroup.com\/wp-content\/uploads\/2025\/06\/Employee-vs-Contractor-Understanding-the-Key-Differences-in-2025-1024x576.avif\" class=\"attachment-large size-large wp-image-3206\" alt=\"Empleado vs. contratista: Comprender las diferencias clave en 2025\" srcset=\"https:\/\/digitaltaxgroup.com\/wp-content\/uploads\/2025\/06\/Employee-vs-Contractor-Understanding-the-Key-Differences-in-2025-1024x576.avif 1024w, https:\/\/digitaltaxgroup.com\/wp-content\/uploads\/2025\/06\/Employee-vs-Contractor-Understanding-the-Key-Differences-in-2025-300x169.avif 300w, https:\/\/digitaltaxgroup.com\/wp-content\/uploads\/2025\/06\/Employee-vs-Contractor-Understanding-the-Key-Differences-in-2025-768x432.avif 768w, https:\/\/digitaltaxgroup.com\/wp-content\/uploads\/2025\/06\/Employee-vs-Contractor-Understanding-the-Key-Differences-in-2025-1536x864.avif 1536w, https:\/\/digitaltaxgroup.com\/wp-content\/uploads\/2025\/06\/Employee-vs-Contractor-Understanding-the-Key-Differences-in-2025-1320x743.avif 1320w, https:\/\/digitaltaxgroup.com\/wp-content\/uploads\/2025\/06\/Employee-vs-Contractor-Understanding-the-Key-Differences-in-2025.avif 1920w\" sizes=\"(max-width: 1024px) 100vw, 1024px\" \/><\/div>\n\t\t<\/a>\n\t\t\t\t<div class=\"elementor-post__text\">\n\t\t\t\t<h3 class=\"elementor-post__title\">\n\t\t\t<a href=\"https:\/\/digitaltaxgroup.com\/es\/employee-vs-contractor-2025\/\">\n\t\t\t\tEmpleado vs. contratista: Comprender las diferencias clave en 2025\t\t\t<\/a>\n\t\t<\/h3>\n\t\t\t\t<div class=\"elementor-post__meta-data\">\n\t\t\t\t\t<span class=\"elementor-post-author\">\n\t\t\tIan Borbolla, CPA\t\t<\/span>\n\t\t\t\t<span class=\"elementor-post-date\">\n\t\t\tjunio 25, 2025\t\t<\/span>\n\t\t\t\t<\/div>\n\t\t\t\t<div class=\"elementor-post__excerpt\">\n\t\t\t<p>Elegir entre un empleado o un contratista puede definir el futuro de su negocio, desde las operaciones diarias hasta sus obligaciones fiscales y legales a largo plazo. La diferencia entre un contratista independiente y un empleado.<\/p>\n\t\t<\/div>\n\t\t\n\t\t<a class=\"elementor-post__read-more\" href=\"https:\/\/digitaltaxgroup.com\/es\/employee-vs-contractor-2025\/\" aria-label=\"M\u00e1s informaci\u00f3n sobre Employee vs Contractor: Understanding the Key Differences in 2025\" tabindex=\"-1\">\n\t\t\tLeer m\u00e1s &#034;\t\t<\/a>\n\n\t\t\t\t<\/div>\n\t\t\t\t<\/article>\n\t\t\t\t<\/div>\n\t\t\t\t\t<span class=\"e-load-more-spinner\">\n\t\t\t\t<i aria-hidden=\"true\" class=\"fas fa-spinner\"><\/i>\t\t\t<\/span>\n\t\t\n\t\t\t\t<div class=\"e-load-more-anchor\" data-page=\"1\" data-max-page=\"6\" data-next-page=\"https:\/\/digitaltaxgroup.com\/es\/wp-json\/wp\/v2\/pages\/967\/page\/2\/\"><\/div>\n\t\t\t\t<div class=\"e-load-more-message\"><\/div>\n\t\t\t\t\t\t<\/div>\n\t\t\t\t<\/div>\n\t\t\t\t\t<\/div>\n\t\t<\/div>\n\t\t\t\t\t<\/div>\n\t\t<\/section>\n\t\t\t\t<\/div>","protected":false},"excerpt":{"rendered":"<p>Our Blog Insightful Articles and Expert Tips on CPA and Tax Solutions<\/p>","protected":false},"author":3,"featured_media":0,"parent":0,"menu_order":0,"comment_status":"closed","ping_status":"closed","template":"","meta":{"site-sidebar-layout":"no-sidebar","site-content-layout":"page-builder","ast-site-content-layout":"full-width-container","site-content-style":"default","site-sidebar-style":"default","ast-global-header-display":"","ast-banner-title-visibility":"","ast-main-header-display":"","ast-hfb-above-header-display":"","ast-hfb-below-header-display":"","ast-hfb-mobile-header-display":"","site-post-title":"disabled","ast-breadcrumbs-content":"","ast-featured-img":"disabled","footer-sml-layout":"","ast-disable-related-posts":"","theme-transparent-header-meta":"default","adv-header-id-meta":"","stick-header-meta":"","header-above-stick-meta":"","header-main-stick-meta":"","header-below-stick-meta":"","astra-migrate-meta-layouts":"set","ast-page-background-enabled":"default","ast-page-background-meta":{"desktop":{"background-color":"var(--ast-global-color-4)","background-image":"","background-repeat":"repeat","background-position":"center center","background-size":"auto","background-attachment":"scroll","background-type":"","background-media":"","overlay-type":"","overlay-color":"","overlay-opacity":"","overlay-gradient":""},"tablet":{"background-color":"","background-image":"","background-repeat":"repeat","background-position":"center center","background-size":"auto","background-attachment":"scroll","background-type":"","background-media":"","overlay-type":"","overlay-color":"","overlay-opacity":"","overlay-gradient":""},"mobile":{"background-color":"","background-image":"","background-repeat":"repeat","background-position":"center center","background-size":"auto","background-attachment":"scroll","background-type":"","background-media":"","overlay-type":"","overlay-color":"","overlay-opacity":"","overlay-gradient":""}},"ast-content-background-meta":{"desktop":{"background-color":"var(--ast-global-color-5)","background-image":"","background-repeat":"repeat","background-position":"center center","background-size":"auto","background-attachment":"scroll","background-type":"","background-media":"","overlay-type":"","overlay-color":"","overlay-opacity":"","overlay-gradient":""},"tablet":{"background-color":"var(--ast-global-color-5)","background-image":"","background-repeat":"repeat","background-position":"center center","background-size":"auto","background-attachment":"scroll","background-type":"","background-media":"","overlay-type":"","overlay-color":"","overlay-opacity":"","overlay-gradient":""},"mobile":{"background-color":"var(--ast-global-color-5)","background-image":"","background-repeat":"repeat","background-position":"center center","background-size":"auto","background-attachment":"scroll","background-type":"","background-media":"","overlay-type":"","overlay-color":"","overlay-opacity":"","overlay-gradient":""}},"footnotes":""},"class_list":["post-967","page","type-page","status-publish","hentry"],"acf":[],"_links":{"self":[{"href":"https:\/\/digitaltaxgroup.com\/es\/wp-json\/wp\/v2\/pages\/967","targetHints":{"allow":["GET"]}}],"collection":[{"href":"https:\/\/digitaltaxgroup.com\/es\/wp-json\/wp\/v2\/pages"}],"about":[{"href":"https:\/\/digitaltaxgroup.com\/es\/wp-json\/wp\/v2\/types\/page"}],"author":[{"embeddable":true,"href":"https:\/\/digitaltaxgroup.com\/es\/wp-json\/wp\/v2\/users\/3"}],"replies":[{"embeddable":true,"href":"https:\/\/digitaltaxgroup.com\/es\/wp-json\/wp\/v2\/comments?post=967"}],"version-history":[{"count":39,"href":"https:\/\/digitaltaxgroup.com\/es\/wp-json\/wp\/v2\/pages\/967\/revisions"}],"predecessor-version":[{"id":1725,"href":"https:\/\/digitaltaxgroup.com\/es\/wp-json\/wp\/v2\/pages\/967\/revisions\/1725"}],"wp:attachment":[{"href":"https:\/\/digitaltaxgroup.com\/es\/wp-json\/wp\/v2\/media?parent=967"}],"curies":[{"name":"wp","href":"https:\/\/api.w.org\/{rel}","templated":true}]}}